{"id":2,"date":"2020-08-24T19:12:55","date_gmt":"2020-08-24T17:12:55","guid":{"rendered":"https:\/\/bysewo.pl\/sklep\/?page_id=2"},"modified":"2023-06-22T12:47:27","modified_gmt":"2023-06-22T10:47:27","slug":"przykladowa-strona","status":"publish","type":"page","link":"https:\/\/bysewo.pl\/sklep\/","title":{"rendered":"Home"},"content":{"rendered":"\n<div class=\"wp-block-group alignfull has-white-color has-black-background-color has-text-color has-background is-layout-flow wp-block-group-is-layout-flow\" id=\"hero\">\n<div class=\"wp-block-group is-layout-flow wp-block-group-is-layout-flow\">\n<h1 class=\"wp-block-heading has-text-align-center\">Market budowlany<\/h1>\n\n\n\n<p class=\"has-text-align-center has-large-font-size\"><strong>ul. Trakt \u015bw. Wojciecha 59, Gda\u0144sk<\/strong><br>Godziny otwarcia <\/p>\n\n\n\n<p class=\"has-text-align-center has-large-font-size\">Pon. \u2013 pt. 7.00 \u2013 17.00 <\/p>\n\n\n\n<p class=\"has-text-align-center has-large-font-size\">Sob. 8.00 \u2013 13.00<\/p>\n\n\n\n<p class=\"has-text-align-center has-vivid-red-color has-text-color\"><\/p>\n\n\n\n<p class=\"has-text-align-center has-small-font-size\">Zapraszamy zar\u00f3wno profesjonalist\u00f3w, jak i klient\u00f3w indywidualnych. Nasz zesp\u00f3\u0142 ekspert\u00f3w pomo\u017ce i doradzi przy wyborze optymalnych produkt\u00f3w.<\/p>\n\n\n\n<div class=\"wp-block-buttons is-content-justification-center is-layout-flex wp-container-core-buttons-is-layout-16018d1d wp-block-buttons-is-layout-flex\">\n<div class=\"wp-block-button primary\"><a class=\"wp-block-button__link wp-element-button\" href=\"#poznaj-bysewo\">Poznaj nas<\/a><\/div>\n\n\n\n<div class=\"wp-block-button secondary\"><a class=\"wp-block-button__link wp-element-button\" href=\"#jak-dojechac\">Jak dojecha\u0107?<\/a><\/div>\n<\/div>\n<\/div>\n\n\n\n<figure class=\"wp-block-image alignfull size-large hero-bottom hero-bottom-max\"><a href=\"#poznaj-bysewo\"><img loading=\"lazy\" decoding=\"async\" width=\"1920\" height=\"164\" src=\"https:\/\/bysewo.pl\/sklep\/wp-content\/uploads\/2020\/08\/hero-bottom-text.svg\" alt=\"\" class=\"wp-image-74\"\/><\/a><\/figure>\n\n\n\n<figure class=\"wp-block-image alignfull size-large hero-bottom hero-bottom-min\"><a href=\"#poznaj-bysewo\"><img loading=\"lazy\" decoding=\"async\" width=\"1920\" height=\"164\" src=\"https:\/\/bysewo.pl\/sklep\/wp-content\/uploads\/2020\/08\/hero-bottom-arrow.svg\" alt=\"\" class=\"wp-image-106\"\/><\/a><\/figure>\n<\/div>\n\n\n\n<div class=\"wp-block-group alignfull has-white-color has-text-color has-background is-layout-flow wp-block-group-is-layout-flow\" id=\"poznaj-bysewo\" style=\"background-color:#d12027\">\n<div class=\"wp-block-group header is-layout-flow wp-block-group-is-layout-flow\">\n<hr class=\"wp-block-separator has-css-opacity\"\/>\n\n\n\n<h2 class=\"wp-block-heading has-text-align-center\">Od 1990 roku zajmujemy si\u0119 sprzeda\u017c\u0105 materia\u0142\u00f3w budowlanych.<\/h2>\n\n\n\n<p class=\"has-text-align-center\">Dzi\u0119ki wieloletniemu do\u015bwiadczeniu \u015bwietnie rozumiemy potrzeby naszych klient\u00f3w i w\u0142a\u015bnie w odpowiedzi na nie, powsta\u0142 market budowlany \u2013 P.H. BYSEWO. Swoj\u0105 ofert\u0119 kierujemy zar\u00f3wno do klient\u00f3w hurtowych, jak i detalicznych.<\/p>\n<\/div>\n\n\n\n<figure class=\"wp-block-image aligncenter size-large\"><img loading=\"lazy\" decoding=\"async\" width=\"1024\" height=\"292\" src=\"https:\/\/bysewo.pl\/sklep\/wp-content\/uploads\/2020\/08\/poznaj-bysewo-1024x292.jpg\" alt=\"\" class=\"wp-image-12\" srcset=\"https:\/\/bysewo.pl\/sklep\/wp-content\/uploads\/2020\/08\/poznaj-bysewo-1024x292.jpg 1024w, https:\/\/bysewo.pl\/sklep\/wp-content\/uploads\/2020\/08\/poznaj-bysewo-300x85.jpg 300w, https:\/\/bysewo.pl\/sklep\/wp-content\/uploads\/2020\/08\/poznaj-bysewo-768x219.jpg 768w, https:\/\/bysewo.pl\/sklep\/wp-content\/uploads\/2020\/08\/poznaj-bysewo.jpg 1110w\" sizes=\"auto, (max-width: 1024px) 100vw, 1024px\" \/><\/figure>\n<\/div>\n\n\n\n<div class=\"wp-block-group alignfull is-layout-flow wp-block-group-is-layout-flow\" id=\"co-oferujemy\">\n<div class=\"wp-block-group header is-layout-flow wp-block-group-is-layout-flow\">\n<hr class=\"wp-block-separator has-text-color has-css-opacity has-background\" style=\"background-color:#d12027;color:#d12027\"\/>\n\n\n\n<h2 class=\"wp-block-heading has-text-align-center\">Swoj\u0105 ofert\u0119 kierujemy zar\u00f3wno do klient\u00f3w hurtowych, jak i detalicznych.<\/h2>\n<\/div>\n\n\n\n<div class=\"wp-block-columns notes is-layout-flex wp-container-core-columns-is-layout-9d6595d7 wp-block-columns-is-layout-flex\">\n<div class=\"wp-block-column is-layout-flow wp-block-column-is-layout-flow\">\n<div class=\"wp-block-group is-layout-flow wp-block-group-is-layout-flow\">\n<figure class=\"wp-block-image aligncenter size-large\"><img loading=\"lazy\" decoding=\"async\" width=\"100\" height=\"99\" src=\"https:\/\/bysewo.pl\/sklep\/wp-content\/uploads\/2020\/08\/1.svg\" alt=\"\" class=\"wp-image-79\"\/><\/figure>\n\n\n\n<p class=\"has-text-align-center\"><strong>Szeroka gama materia\u0142\u00f3w budowlanych i wyko\u0144czeniowych<\/strong> \u015bredniej i wysokiej klasy. Drzwi, okna i inne produkty od najlepszych producent\u00f3w w niezwykle atrakcyjnych cenach.<\/p>\n<\/div>\n<\/div>\n\n\n\n<div class=\"wp-block-column is-layout-flow wp-block-column-is-layout-flow\">\n<div class=\"wp-block-group is-layout-flow wp-block-group-is-layout-flow\">\n<figure class=\"wp-block-image aligncenter size-large\"><img loading=\"lazy\" decoding=\"async\" width=\"100\" height=\"99\" src=\"https:\/\/bysewo.pl\/sklep\/wp-content\/uploads\/2020\/08\/2.svg\" alt=\"\" class=\"wp-image-80\"\/><\/figure>\n\n\n\n<p class=\"has-text-align-center\"><strong>Rzetelne doradztwo najlepszych fachowc\u00f3w. <\/strong>Stawiamy na pe\u0142en profesjonalizm oraz indywidualne podej\u015bcie do klienta i jego potrzeb. Nasi pracownicy wyr\u00f3\u017cniaj\u0105 si\u0119  ponadprzeci\u0119tn\u0105 wiedz\u0105 z zakresu bran\u017cy budowlanej i wyko\u0144czeniowej.<\/p>\n<\/div>\n<\/div>\n\n\n\n<div class=\"wp-block-column is-layout-flow wp-block-column-is-layout-flow\">\n<div class=\"wp-block-group is-layout-flow wp-block-group-is-layout-flow\">\n<figure class=\"wp-block-image aligncenter size-large\"><img loading=\"lazy\" decoding=\"async\" width=\"100\" height=\"100\" src=\"https:\/\/bysewo.pl\/sklep\/wp-content\/uploads\/2020\/08\/3.svg\" alt=\"\" class=\"wp-image-81\"\/><\/figure>\n\n\n\n<p class=\"has-text-align-center\"><strong>Najdogodniejsza lokalizacja w samym centrum Gda\u0144ska. <\/strong>Wybrali\u015bmy miejsce, kt\u00f3re b\u0119dzie po drodze wszystkim mieszka\u0144com Tr\u00f3jmiasta i okolic. Mamy r\u00f3wnie\u017c spory parking dla klient\u00f3w.<\/p>\n<\/div>\n<\/div>\n\n\n\n<div class=\"wp-block-column is-layout-flow wp-block-column-is-layout-flow\">\n<div class=\"wp-block-group is-layout-flow wp-block-group-is-layout-flow\">\n<figure class=\"wp-block-image aligncenter size-large\"><img loading=\"lazy\" decoding=\"async\" width=\"100\" height=\"99\" src=\"https:\/\/bysewo.pl\/sklep\/wp-content\/uploads\/2020\/08\/4.svg\" alt=\"\" class=\"wp-image-82\"\/><\/figure>\n\n\n\n<p class=\"has-text-align-center\"><strong>Solidny i perfekcyjnie zorganizowany transport pod same drzwi klienta.<\/strong> Zapewniamy dostarczenie i roz\u0142adunek zakupionych produkt\u00f3w bez zb\u0119dnych ustale\u0144. Szybko i konkretnie.<\/p>\n<\/div>\n<\/div>\n<\/div>\n\n\n\n<figure class=\"wp-block-image aligncenter size-large bottom-image\"><img loading=\"lazy\" decoding=\"async\" width=\"1024\" height=\"169\" src=\"https:\/\/bysewo.pl\/sklep\/wp-content\/uploads\/2020\/08\/oferta-1024x169.jpg\" alt=\"\" class=\"wp-image-27\" srcset=\"https:\/\/bysewo.pl\/sklep\/wp-content\/uploads\/2020\/08\/oferta-1024x169.jpg 1024w, https:\/\/bysewo.pl\/sklep\/wp-content\/uploads\/2020\/08\/oferta-300x49.jpg 300w, https:\/\/bysewo.pl\/sklep\/wp-content\/uploads\/2020\/08\/oferta-768x126.jpg 768w, https:\/\/bysewo.pl\/sklep\/wp-content\/uploads\/2020\/08\/oferta-1536x253.jpg 1536w, https:\/\/bysewo.pl\/sklep\/wp-content\/uploads\/2020\/08\/oferta.jpg 1920w\" sizes=\"auto, (max-width: 1024px) 100vw, 1024px\" \/><\/figure>\n<\/div>\n\n\n\n<div class=\"wp-block-group alignfull is-layout-flow wp-block-group-is-layout-flow\" id=\"jak-dojechac\">\n<h3 class=\"wp-block-heading has-text-align-center\">Godziny otwarcia<\/h3>\n\n\n\n<p class=\"has-text-align-center has-small-font-size\"><strong>Pon. \u2013 pt. <\/strong><\/p>\n\n\n\n<p class=\"has-text-align-center has-small-font-size\">07:00 &#8211; 17:00<\/p>\n\n\n\n<p class=\"has-text-align-center has-small-font-size\"><strong><strong>Sobota<\/strong><\/strong><\/p>\n\n\n\n<p class=\"has-text-align-center has-small-font-size\">08:00 &#8211; 13:00<\/p>\n\n\n\n<p><\/p>\n\n\n\n<div class=\"wp-block-group header is-layout-flow wp-block-group-is-layout-flow\">\n<hr class=\"wp-block-separator has-text-color has-css-opacity has-background\" style=\"background-color:#d12027;color:#d12027\"\/>\n\n\n\n<h2 class=\"wp-block-heading has-text-align-center\">Jak dojecha\u0107? Sprawd\u017a!<\/h2>\n<\/div>\n\n\n\n<h3 class=\"wp-block-heading has-text-align-center\">Linie autobusowe, kt\u00f3rymi dojedziesz do naszego sklepu (Przystanek Sandomierska)<\/h3>\n\n\n\n<div class=\"wp-block-columns buses is-layout-flex wp-container-core-columns-is-layout-9d6595d7 wp-block-columns-is-layout-flex\">\n<div class=\"wp-block-column is-layout-flow wp-block-column-is-layout-flow\">\n<p class=\"has-text-align-center has-small-font-size\">Linia 132<\/p>\n\n\n\n<p class=\"has-text-align-center has-small-font-size\">Linia 205<\/p>\n<\/div>\n\n\n\n<div class=\"wp-block-column is-layout-flow wp-block-column-is-layout-flow\">\n<p class=\"has-text-align-center has-small-font-size\">Linia 154<\/p>\n\n\n\n<p class=\"has-text-align-center has-small-font-size\">Linia 207<\/p>\n<\/div>\n\n\n\n<div class=\"wp-block-column is-layout-flow wp-block-column-is-layout-flow\">\n<p class=\"has-text-align-center has-small-font-size\">Linia 189<\/p>\n\n\n\n<p class=\"has-text-align-center has-small-font-size\">Linia 210<\/p>\n<\/div>\n\n\n\n<div class=\"wp-block-column is-layout-flow wp-block-column-is-layout-flow\">\n<p class=\"has-text-align-center has-small-font-size\">Linia 200<\/p>\n\n\n\n<p class=\"has-text-align-center has-small-font-size\">Linia 232<\/p>\n<\/div>\n<\/div>\n\n\n\n<iframe loading=\"lazy\" src=\"https:\/\/www.google.com\/maps\/embed?pb=!1m18!1m12!1m3!1d201.400770869061!2d18.634277565973907!3d54.33105014728188!2m3!1f0!2f0!3f0!3m2!1i1024!2i768!4f13.1!3m3!1m2!1s0x46fd73eb294a673f%3A0x9c14a56fe28b24e!2sPSB%20BYSEWO!5e0!3m2!1spl!2spl!4v1599042562407!5m2!1spl!2spl\" style=\"border:0;\" allowfullscreen=\"\" aria-hidden=\"false\" tabindex=\"0\" width=\"100%\" height=\"350\" frameborder=\"0\"><\/iframe>\n<\/div>\n\n\n\n<div class=\"wp-block-group alignfull has-white-color has-text-color has-background is-layout-flow wp-block-group-is-layout-flow\" id=\"kontakt\" style=\"background-color:#d12027\">\n<hr class=\"wp-block-separator has-css-opacity\"\/>\n\n\n\n<h2 class=\"wp-block-heading has-text-align-center\">Skontaktuj si\u0119 z nami<\/h2>\n\n\n\n<div class=\"wp-block-columns is-layout-flex wp-container-core-columns-is-layout-9d6595d7 wp-block-columns-is-layout-flex\">\n<div class=\"wp-block-column is-layout-flow wp-block-column-is-layout-flow\">\n<p class=\"has-text-align-center has-small-font-size\"><strong>Odwied\u017a nas<\/strong><br>ul. Trakt \u015bw. Wojciecha 59<br>80-043 Gda\u0144sk<\/p>\n<\/div>\n\n\n\n<div class=\"wp-block-column is-layout-flow wp-block-column-is-layout-flow\">\n<p class=\"has-text-align-center has-small-font-size\"><strong>Zadzwo\u0144<\/strong><br><a href=\"tel:+48783-296-231\">+48 783-296-231<\/a><\/p>\n<\/div>\n\n\n\n<div class=\"wp-block-column is-layout-flow wp-block-column-is-layout-flow\">\n<p class=\"has-text-align-center email has-small-font-size\"><strong>Napisz<\/strong><br><a rel=\"noreferrer noopener\" href=\"mailto:hurtownia.gdansk@bysewo.pl\" target=\"_blank\">hurtownia.gdansk@bysewo.pl<\/a><\/p>\n<\/div>\n<\/div>\n<\/div>\n\n\n\n<p><\/p>\n","protected":false},"excerpt":{"rendered":"<p>Market budowlany ul. Trakt \u015bw. Wojciecha 59, Gda\u0144skGodziny otwarcia Pon. \u2013 pt. 7.00 \u2013 17.00 Sob. 8.00 \u2013 13.00 Zapraszamy zar\u00f3wno profesjonalist\u00f3w, jak i klient\u00f3w indywidualnych. Nasz zesp\u00f3\u0142 ekspert\u00f3w pomo\u017ce i doradzi przy wyborze optymalnych produkt\u00f3w. Od 1990 roku zajmujemy si\u0119 sprzeda\u017c\u0105 materia\u0142\u00f3w budowlanych. Dzi\u0119ki wieloletniemu do\u015bwiadczeniu \u015bwietnie rozumiemy potrzeby naszych klient\u00f3w i w\u0142a\u015bnie w &hellip; <a href=\"https:\/\/bysewo.pl\/sklep\/\">Continued<\/a><\/p>\n","protected":false},"author":1,"featured_media":0,"parent":0,"menu_order":0,"comment_status":"closed","ping_status":"open","template":"","meta":{"_acf_changed":false,"footnotes":""},"class_list":["post-2","page","type-page","status-publish","hentry"],"acf":[],"_links":{"self":[{"href":"https:\/\/bysewo.pl\/sklep\/wp-json\/wp\/v2\/pages\/2","targetHints":{"allow":["GET"]}}],"collection":[{"href":"https:\/\/bysewo.pl\/sklep\/wp-json\/wp\/v2\/pages"}],"about":[{"href":"https:\/\/bysewo.pl\/sklep\/wp-json\/wp\/v2\/types\/page"}],"author":[{"embeddable":true,"href":"https:\/\/bysewo.pl\/sklep\/wp-json\/wp\/v2\/users\/1"}],"replies":[{"embeddable":true,"href":"https:\/\/bysewo.pl\/sklep\/wp-json\/wp\/v2\/comments?post=2"}],"version-history":[{"count":90,"href":"https:\/\/bysewo.pl\/sklep\/wp-json\/wp\/v2\/pages\/2\/revisions"}],"predecessor-version":[{"id":182,"href":"https:\/\/bysewo.pl\/sklep\/wp-json\/wp\/v2\/pages\/2\/revisions\/182"}],"wp:attachment":[{"href":"https:\/\/bysewo.pl\/sklep\/wp-json\/wp\/v2\/media?parent=2"}],"curies":[{"name":"wp","href":"https:\/\/api.w.org\/{rel}","templated":true}]}}